{"id":5,"date":"2021-03-18T19:02:06","date_gmt":"2021-03-18T18:02:06","guid":{"rendered":"http:\/\/neu.mayer-junior.de:8888\/mayer-junior\/?page_id=5"},"modified":"2024-09-29T03:49:22","modified_gmt":"2024-09-29T01:49:22","slug":"ueber-uns","status":"publish","type":"page","link":"https:\/\/www.mayer-junior.de\/?page_id=5","title":{"rendered":"\u00dcber uns"},"content":{"rendered":"\n<h2 class=\"wp-block-heading has-text-align-center\">DAS MACHT MAYER JUNIOR AUS<\/h2>\n\n\n\n<p class=\"has-text-align-center\">Wir sind Schaumschl\u00e4ger aus Leidenschaft \u2013 und das im wahrsten Sinne des Wortes.<\/p>\n\n\n\n<p>Seit \u00fcber 100 Jahren produzieren wir Schokok\u00fcsse, Marzipan, Pfefferminzkissen und Kokosstangen in unserem Familienbetrieb. Dabei sind Tradition, Treue zu Rezepturen und Kunden, hochwertige Zutaten und Frische nicht nur leere Worte &#8211; diese Dinge wurden und werden bei uns tagt\u00e4glich gelebt.<\/p>\n\n\n\n<p>Mittlerweile in der 4. Generation fertigen wir &#8211; wie zu Urgro\u00dfvaters Zeiten &#8211; die s\u00fc\u00dfen Leckereien. Dabei setzen wir auf altbew\u00e4hrte, extra daf\u00fcr konstruierte Maschinen und auf liebevolle Handarbeit. Unterst\u00fctzung bekommen wir aus der gesamten Familie und bei Bedarf auch von eigens eingestellten Fachkr\u00e4ften.<\/p>\n\n\n\n<p>Die Rezepturen sind von jeher die gleichen, was uns unsere Kunden mit langj\u00e4hriger Treue danken.<\/p>\n\n\n\n<p>Die hochwertigen Zutaten aus allen Ecken der Welt und der Verzicht auf Konservierungsstoffe garantieren den unverwechselbar guten Geschmack.&nbsp;<\/p>\n\n\n\n<p>Auch im Vertrieb setzen wir auf Tradition und Treue. Unsere Produkte k\u00f6nnen ausschlie\u00dflich im Stammsitz in Bremen-Rablinghausen oder bei B\u00e4ckereien bzw. Feinkostgesch\u00e4ften in Bremen und umzu erworben werden.<\/p>\n\n\n\n<p>Am besten Sie machen sich selbst ein Bild und lassen sich von uns schokok\u00fcssen!<\/p>\n","protected":false},"excerpt":{"rendered":"<p>DAS MACHT MAYER JUNIOR AUS Wir sind Schaumschl\u00e4ger aus Leidenschaft \u2013 und das im wahrsten Sinne des Wortes. Seit \u00fcber 100 Jahren produzieren wir Schokok\u00fcsse, Marzipan, Pfefferminzkissen und Kokosstangen in unserem Familienbetrieb. Dabei sind Tradition, Treue zu Rezepturen und Kunden, hochwertige Zutaten und Frische nicht nur leere Worte &#8211; diese Dinge wurden und werden bei [&hellip;]<\/p>\n","protected":false},"author":1,"featured_media":35,"parent":0,"menu_order":0,"comment_status":"closed","ping_status":"closed","template":"templates\/template-full-width.php","meta":{"footnotes":""},"class_list":["post-5","page","type-page","status-publish","has-post-thumbnail","hentry"],"_links":{"self":[{"href":"https:\/\/www.mayer-junior.de\/index.php?rest_route=\/wp\/v2\/pages\/5","targetHints":{"allow":["GET"]}}],"collection":[{"href":"https:\/\/www.mayer-junior.de\/index.php?rest_route=\/wp\/v2\/pages"}],"about":[{"href":"https:\/\/www.mayer-junior.de\/index.php?rest_route=\/wp\/v2\/types\/page"}],"author":[{"embeddable":true,"href":"https:\/\/www.mayer-junior.de\/index.php?rest_route=\/wp\/v2\/users\/1"}],"replies":[{"embeddable":true,"href":"https:\/\/www.mayer-junior.de\/index.php?rest_route=%2Fwp%2Fv2%2Fcomments&post=5"}],"version-history":[{"count":8,"href":"https:\/\/www.mayer-junior.de\/index.php?rest_route=\/wp\/v2\/pages\/5\/revisions"}],"predecessor-version":[{"id":185,"href":"https:\/\/www.mayer-junior.de\/index.php?rest_route=\/wp\/v2\/pages\/5\/revisions\/185"}],"wp:featuredmedia":[{"embeddable":true,"href":"https:\/\/www.mayer-junior.de\/index.php?rest_route=\/wp\/v2\/media\/35"}],"wp:attachment":[{"href":"https:\/\/www.mayer-junior.de\/index.php?rest_route=%2Fwp%2Fv2%2Fmedia&parent=5"}],"curies":[{"name":"wp","href":"https:\/\/api.w.org\/{rel}","templated":true}]}}