{"id":145,"date":"2021-11-24T19:56:56","date_gmt":"2021-11-24T18:56:56","guid":{"rendered":"http:\/\/neu.mayer-junior.de\/?page_id=145"},"modified":"2024-12-20T20:11:53","modified_gmt":"2024-12-20T19:11:53","slug":"pfefferminz","status":"publish","type":"page","link":"https:\/\/www.mayer-junior.de\/?page_id=145","title":{"rendered":"Pfefferminz"},"content":{"rendered":"\n<div class=\"wp-block-columns is-layout-flex wp-container-core-columns-is-layout-9d6595d7 wp-block-columns-is-layout-flex\">\n<div class=\"wp-block-column product-img is-layout-flow wp-block-column-is-layout-flow\">\n<figure class=\"wp-block-image size-large\"><img loading=\"lazy\" decoding=\"async\" width=\"1024\" height=\"1024\" src=\"http:\/\/neu.mayer-junior.de\/wp-content\/uploads\/2024\/11\/Mayer-Junior_241026_0360-1024x1024.jpg\" alt=\"\" class=\"wp-image-192\" srcset=\"https:\/\/www.mayer-junior.de\/wp-content\/uploads\/2024\/11\/Mayer-Junior_241026_0360-1024x1024.jpg 1024w, https:\/\/www.mayer-junior.de\/wp-content\/uploads\/2024\/11\/Mayer-Junior_241026_0360-300x300.jpg 300w, https:\/\/www.mayer-junior.de\/wp-content\/uploads\/2024\/11\/Mayer-Junior_241026_0360-150x150.jpg 150w, https:\/\/www.mayer-junior.de\/wp-content\/uploads\/2024\/11\/Mayer-Junior_241026_0360-768x768.jpg 768w, https:\/\/www.mayer-junior.de\/wp-content\/uploads\/2024\/11\/Mayer-Junior_241026_0360-1536x1536.jpg 1536w, https:\/\/www.mayer-junior.de\/wp-content\/uploads\/2024\/11\/Mayer-Junior_241026_0360-2048x2048.jpg 2048w, https:\/\/www.mayer-junior.de\/wp-content\/uploads\/2024\/11\/Mayer-Junior_241026_0360-1200x1200.jpg 1200w, https:\/\/www.mayer-junior.de\/wp-content\/uploads\/2024\/11\/Mayer-Junior_241026_0360-1980x1980.jpg 1980w\" sizes=\"auto, (max-width: 1024px) 100vw, 1024px\" \/><\/figure>\n<\/div>\n\n\n\n<div class=\"wp-block-column is-layout-flow wp-block-column-is-layout-flow\">\n<h2 class=\"wp-block-heading\">Pfefferminz<\/h2>\n\n\n\n<p>Unser Pfefferminz ist ein wahrer Genuss f\u00fcr alle, die die erfrischende Frische von Minze in Kombination mit der Intensit\u00e4t von Schokolade lieben.Die Minze ist harmonisch abgestimmt, sodass sie weder zu scharf noch zu s\u00fc\u00df wirkt, sondern mit einer fein abgestimmten Intensit\u00e4t begeistert.Der zartbittere \u00dcberzug schmilzt sanft im Mund und l\u00e4sst die frische Minze zur Geltung kommen, w\u00e4hrend er gleichzeitig f\u00fcr ein vollmundiges Geschmackserlebnis sorgt.<\/p>\n\n\n\n<p><\/p>\n<\/div>\n<\/div>\n\n\n\n<h3 class=\"wp-block-heading\">Zutaten, Allergiehinweise und N\u00e4hrwertangaben<\/h3>\n\n\n\n<div class=\"wp-block-columns is-layout-flex wp-container-core-columns-is-layout-9d6595d7 wp-block-columns-is-layout-flex\">\n<div class=\"wp-block-column is-layout-flow wp-block-column-is-layout-flow\">\n<div class=\"wp-block-group\"><div class=\"wp-block-group__inner-container is-layout-flow wp-block-group-is-layout-flow\">\n<h5 class=\"wp-block-heading\">Zutaten<\/h5>\n\n\n\n<p>Pfefferminz (Zucker, Pflanzenfett, nat\u00fcrliches Pfefferminzaroma, kann Spuren von <strong>Milch, Mandeln &amp; Haselnuss <\/strong>enthalten)<\/p>\n\n\n\n<p>Bitterschokoladen\u00fcberzug (Kakaomasse, Zucker, Kakaobutter, Emulgator: <strong>Sojalecithin<\/strong>, Vanille \u2013 Extrakt)&nbsp;&nbsp;&nbsp;&nbsp;&nbsp;&nbsp;&nbsp;&nbsp;&nbsp;&nbsp;&nbsp;&nbsp;&nbsp;&nbsp;&nbsp;&nbsp;&nbsp;&nbsp;&nbsp;&nbsp;&nbsp;&nbsp;&nbsp;&nbsp;<\/p>\n\n\n\n<hr class=\"wp-block-separator has-css-opacity\"\/>\n\n\n\n<h5 class=\"wp-block-heading\">Allergiehinweise<\/h5>\n\n\n\n<p>Schalenfr\u00fcchte \/ Milch \/ Sojalecithin\/Mandeln<\/p>\n<\/div><\/div>\n<\/div>\n\n\n\n<div class=\"wp-block-column is-layout-flow wp-block-column-is-layout-flow\">\n<h5 class=\"wp-block-heading\">N\u00e4hrwertangaben<\/h5>\n\n\n\n<figure class=\"wp-block-table\"><table class=\"has-fixed-layout\"><tbody><tr><td>N\u00e4hrwerte<\/td><td>pro 100g<\/td><\/tr><tr><td>Energie<\/td><td>463kcal<\/td><\/tr><tr><td>Fett<\/td><td>19g<\/td><\/tr><tr><td colspan=\"2\">Davon:<\/td><\/tr><tr><td>Ges\u00e4ttigte Fetts\u00e4uren<\/td><td>1,0g<\/td><\/tr><tr><td colspan=\"2\">&nbsp;<\/td><\/tr><tr><td>Kohlenhydrate<\/td><td>71g<\/td><\/tr><tr><td colspan=\"2\">Davon:<\/td><\/tr><tr><td>Zucker<\/td><td>65g<\/td><\/tr><tr><td colspan=\"2\">&nbsp;<\/td><\/tr><tr><td>Ballaststoffe<\/td><td>2,0g<\/td><\/tr><tr><td>Eiwei\u00df<\/td><td>2,0g<\/td><\/tr><tr><td>Salz<\/td><td>0,01g<\/td><\/tr><\/tbody><\/table><\/figure>\n<\/div>\n<\/div>\n\n\n\n<p><\/p>\n","protected":false},"excerpt":{"rendered":"<p>Pfefferminz Unser Pfefferminz ist ein wahrer Genuss f\u00fcr alle, die die erfrischende Frische von Minze in Kombination mit der Intensit\u00e4t von Schokolade lieben.Die Minze ist harmonisch abgestimmt, sodass sie weder zu scharf noch zu s\u00fc\u00df wirkt, sondern mit einer fein abgestimmten Intensit\u00e4t begeistert.Der zartbittere \u00dcberzug schmilzt sanft im Mund und l\u00e4sst die frische Minze zur [&hellip;]<\/p>\n","protected":false},"author":2,"featured_media":0,"parent":0,"menu_order":0,"comment_status":"closed","ping_status":"closed","template":"templates\/template-full-width.php","meta":{"footnotes":""},"class_list":["post-145","page","type-page","status-publish","hentry"],"_links":{"self":[{"href":"https:\/\/www.mayer-junior.de\/index.php?rest_route=\/wp\/v2\/pages\/145","targetHints":{"allow":["GET"]}}],"collection":[{"href":"https:\/\/www.mayer-junior.de\/index.php?rest_route=\/wp\/v2\/pages"}],"about":[{"href":"https:\/\/www.mayer-junior.de\/index.php?rest_route=\/wp\/v2\/types\/page"}],"author":[{"embeddable":true,"href":"https:\/\/www.mayer-junior.de\/index.php?rest_route=\/wp\/v2\/users\/2"}],"replies":[{"embeddable":true,"href":"https:\/\/www.mayer-junior.de\/index.php?rest_route=%2Fwp%2Fv2%2Fcomments&post=145"}],"version-history":[{"count":9,"href":"https:\/\/www.mayer-junior.de\/index.php?rest_route=\/wp\/v2\/pages\/145\/revisions"}],"predecessor-version":[{"id":292,"href":"https:\/\/www.mayer-junior.de\/index.php?rest_route=\/wp\/v2\/pages\/145\/revisions\/292"}],"wp:attachment":[{"href":"https:\/\/www.mayer-junior.de\/index.php?rest_route=%2Fwp%2Fv2%2Fmedia&parent=145"}],"curies":[{"name":"wp","href":"https:\/\/api.w.org\/{rel}","templated":true}]}}