{"id":143,"date":"2021-11-24T19:56:22","date_gmt":"2021-11-24T18:56:22","guid":{"rendered":"http:\/\/neu.mayer-junior.de\/?page_id=143"},"modified":"2024-12-23T20:50:59","modified_gmt":"2024-12-23T19:50:59","slug":"marzipan","status":"publish","type":"page","link":"https:\/\/www.mayer-junior.de\/?page_id=143","title":{"rendered":"edle Marzipanstangen"},"content":{"rendered":"\n<div class=\"wp-block-columns is-layout-flex wp-container-core-columns-is-layout-9d6595d7 wp-block-columns-is-layout-flex\">\n<div class=\"wp-block-column product-img is-layout-flow wp-block-column-is-layout-flow\">\n<figure class=\"wp-block-image size-large\"><img loading=\"lazy\" decoding=\"async\" width=\"1024\" height=\"1024\" src=\"http:\/\/neu.mayer-junior.de\/wp-content\/uploads\/2024\/11\/Mayer-Junior_241026_0398-1024x1024.jpg\" alt=\"\" class=\"wp-image-194\" srcset=\"https:\/\/www.mayer-junior.de\/wp-content\/uploads\/2024\/11\/Mayer-Junior_241026_0398-1024x1024.jpg 1024w, https:\/\/www.mayer-junior.de\/wp-content\/uploads\/2024\/11\/Mayer-Junior_241026_0398-300x300.jpg 300w, https:\/\/www.mayer-junior.de\/wp-content\/uploads\/2024\/11\/Mayer-Junior_241026_0398-150x150.jpg 150w, https:\/\/www.mayer-junior.de\/wp-content\/uploads\/2024\/11\/Mayer-Junior_241026_0398-768x768.jpg 768w, https:\/\/www.mayer-junior.de\/wp-content\/uploads\/2024\/11\/Mayer-Junior_241026_0398-1536x1536.jpg 1536w, https:\/\/www.mayer-junior.de\/wp-content\/uploads\/2024\/11\/Mayer-Junior_241026_0398-2048x2048.jpg 2048w, https:\/\/www.mayer-junior.de\/wp-content\/uploads\/2024\/11\/Mayer-Junior_241026_0398-1200x1200.jpg 1200w, https:\/\/www.mayer-junior.de\/wp-content\/uploads\/2024\/11\/Mayer-Junior_241026_0398-1980x1980.jpg 1980w\" sizes=\"auto, (max-width: 1024px) 100vw, 1024px\" \/><\/figure>\n<\/div>\n\n\n\n<div class=\"wp-block-column is-layout-flow wp-block-column-is-layout-flow\">\n<h2 class=\"wp-block-heading\">Marzipan<\/h2>\n\n\n\n<p>Unser Marzipan wird mit einer besonderen Mischung aus Puderzucker und Rum verfeinert, was ihm eine s\u00fc\u00dfe, milde Note verleiht. Der Rum bringt eine subtile W\u00e4rme und einen Hauch von Raffinesse in den Geschmack, ohne dabei zu dominant zu sein.Um das Geschmackserlebnis noch zu verfeinern, wird unser Marzipan sorgf\u00e4ltig mit einer d\u00fcnnen Schicht zartbitterer Schokolade \u00fcberzogen.Das Ergebnis ist eine verf\u00fchrerische Kombination aus sanfter S\u00fc\u00dfe, einer angenehmen Rumnote und der leichten Bitterkeit der Schokolade, die jeden Bissen zu einem Genuss machen. Unsere Marzipanstangen sind ein wahrer Genuss f\u00fcr die Sinne und eignen sich sowohl als edles Geschenk als auch besondere Leckerei f\u00fcr festliche Anl\u00e4sse oder als Snack f\u00fcr zwischendurch.<\/p>\n\n\n\n<p><\/p>\n<\/div>\n<\/div>\n\n\n\n<h3 class=\"wp-block-heading\">Zutaten, Allergiehinweise und N\u00e4hrwertangaben<\/h3>\n\n\n\n<div class=\"wp-block-columns is-layout-flex wp-container-core-columns-is-layout-9d6595d7 wp-block-columns-is-layout-flex\">\n<div class=\"wp-block-column is-layout-flow wp-block-column-is-layout-flow\">\n<div class=\"wp-block-group\"><div class=\"wp-block-group__inner-container is-layout-flow wp-block-group-is-layout-flow\">\n<h5 class=\"wp-block-heading\">Zutaten<\/h5>\n\n\n\n<p>Marzipanstange (ca.<strong> 50%Mandeln<\/strong>,  Zucker, Wasser, Invertzuckersirup, Alkohol&nbsp;&nbsp;&nbsp; kann Spuren von <strong>Haseln\u00fcssen<\/strong> &amp; anderen <strong>Schalenfr\u00fcchten<\/strong> enthalten)<\/p>\n\n\n\n<p>Bitterschokoladen\u00fcberzug (Kakaomasse, Zucker, Kakaobutter, Emulgator: <strong>Sojalecithin<\/strong>, Vanille \u2013 Extrakt)&nbsp;&nbsp;&nbsp;&nbsp;&nbsp;&nbsp;&nbsp;&nbsp;&nbsp;&nbsp;&nbsp;&nbsp;&nbsp;&nbsp;&nbsp;&nbsp;&nbsp;&nbsp;&nbsp;&nbsp;&nbsp;&nbsp;&nbsp;&nbsp;<\/p>\n\n\n\n<hr class=\"wp-block-separator has-css-opacity\"\/>\n\n\n\n<h5 class=\"wp-block-heading\">Allergiehinweise<\/h5>\n\n\n\n<p>Schalenfr\u00fcchte \/ Mandeln \/ Milch Sojalecithin<\/p>\n<\/div><\/div>\n<\/div>\n\n\n\n<div class=\"wp-block-column is-layout-flow wp-block-column-is-layout-flow\">\n<h5 class=\"wp-block-heading\">N\u00e4hrwertangaben<\/h5>\n\n\n\n<figure class=\"wp-block-table\"><table class=\"has-fixed-layout\"><tbody><tr><td>N\u00e4hrwerte<\/td><td>pro 100g<\/td><\/tr><tr><td>Energie<\/td><td>478kcal<\/td><\/tr><tr><td>Fett<\/td><td>27g<\/td><\/tr><tr><td colspan=\"2\">Davon:<\/td><\/tr><tr><td>Ges\u00e4ttigte Fetts\u00e4uren<\/td><td>6,0g<\/td><\/tr><tr><td><\/td><td><\/td><\/tr><tr><td>Kohlenhydrate<\/td><td>48g<\/td><\/tr><tr><td colspan=\"2\">Davon:<\/td><\/tr><tr><td>Zucker<\/td><td>48g<\/td><\/tr><tr><td><\/td><td><\/td><\/tr><tr><td>Ballaststoffe<\/td><td>4,0g<\/td><\/tr><tr><td>Eiwei\u00df<\/td><td>9,0g<\/td><\/tr><tr><td>Salz<\/td><td>0,05g<\/td><\/tr><\/tbody><\/table><\/figure>\n<\/div>\n<\/div>\n","protected":false},"excerpt":{"rendered":"<p>Marzipan Unser Marzipan wird mit einer besonderen Mischung aus Puderzucker und Rum verfeinert, was ihm eine s\u00fc\u00dfe, milde Note verleiht. Der Rum bringt eine subtile W\u00e4rme und einen Hauch von Raffinesse in den Geschmack, ohne dabei zu dominant zu sein.Um das Geschmackserlebnis noch zu verfeinern, wird unser Marzipan sorgf\u00e4ltig mit einer d\u00fcnnen Schicht zartbitterer Schokolade [&hellip;]<\/p>\n","protected":false},"author":2,"featured_media":0,"parent":0,"menu_order":0,"comment_status":"closed","ping_status":"closed","template":"templates\/template-full-width.php","meta":{"footnotes":""},"class_list":["post-143","page","type-page","status-publish","hentry"],"_links":{"self":[{"href":"https:\/\/www.mayer-junior.de\/index.php?rest_route=\/wp\/v2\/pages\/143","targetHints":{"allow":["GET"]}}],"collection":[{"href":"https:\/\/www.mayer-junior.de\/index.php?rest_route=\/wp\/v2\/pages"}],"about":[{"href":"https:\/\/www.mayer-junior.de\/index.php?rest_route=\/wp\/v2\/types\/page"}],"author":[{"embeddable":true,"href":"https:\/\/www.mayer-junior.de\/index.php?rest_route=\/wp\/v2\/users\/2"}],"replies":[{"embeddable":true,"href":"https:\/\/www.mayer-junior.de\/index.php?rest_route=%2Fwp%2Fv2%2Fcomments&post=143"}],"version-history":[{"count":18,"href":"https:\/\/www.mayer-junior.de\/index.php?rest_route=\/wp\/v2\/pages\/143\/revisions"}],"predecessor-version":[{"id":347,"href":"https:\/\/www.mayer-junior.de\/index.php?rest_route=\/wp\/v2\/pages\/143\/revisions\/347"}],"wp:attachment":[{"href":"https:\/\/www.mayer-junior.de\/index.php?rest_route=%2Fwp%2Fv2%2Fmedia&parent=143"}],"curies":[{"name":"wp","href":"https:\/\/api.w.org\/{rel}","templated":true}]}}