{"id":140,"date":"2021-11-24T19:54:29","date_gmt":"2021-11-24T18:54:29","guid":{"rendered":"http:\/\/neu.mayer-junior.de\/?page_id=140"},"modified":"2024-12-17T21:57:56","modified_gmt":"2024-12-17T20:57:56","slug":"kokosstangen","status":"publish","type":"page","link":"https:\/\/www.mayer-junior.de\/?page_id=140","title":{"rendered":"Kokosstangen"},"content":{"rendered":"\n<div class=\"wp-block-columns is-layout-flex wp-container-core-columns-is-layout-9d6595d7 wp-block-columns-is-layout-flex\">\n<div class=\"wp-block-column product-img is-layout-flow wp-block-column-is-layout-flow\">\n<figure class=\"wp-block-image size-large\"><img loading=\"lazy\" decoding=\"async\" width=\"1024\" height=\"1024\" src=\"http:\/\/neu.mayer-junior.de\/wp-content\/uploads\/2024\/11\/Mayer-Junior_241026_0474-1024x1024.jpg\" alt=\"\" class=\"wp-image-204\" srcset=\"https:\/\/www.mayer-junior.de\/wp-content\/uploads\/2024\/11\/Mayer-Junior_241026_0474-1024x1024.jpg 1024w, https:\/\/www.mayer-junior.de\/wp-content\/uploads\/2024\/11\/Mayer-Junior_241026_0474-300x300.jpg 300w, https:\/\/www.mayer-junior.de\/wp-content\/uploads\/2024\/11\/Mayer-Junior_241026_0474-150x150.jpg 150w, https:\/\/www.mayer-junior.de\/wp-content\/uploads\/2024\/11\/Mayer-Junior_241026_0474-768x768.jpg 768w, https:\/\/www.mayer-junior.de\/wp-content\/uploads\/2024\/11\/Mayer-Junior_241026_0474-1536x1536.jpg 1536w, https:\/\/www.mayer-junior.de\/wp-content\/uploads\/2024\/11\/Mayer-Junior_241026_0474-2048x2048.jpg 2048w, https:\/\/www.mayer-junior.de\/wp-content\/uploads\/2024\/11\/Mayer-Junior_241026_0474-1200x1200.jpg 1200w, https:\/\/www.mayer-junior.de\/wp-content\/uploads\/2024\/11\/Mayer-Junior_241026_0474-1980x1980.jpg 1980w\" sizes=\"auto, (max-width: 1024px) 100vw, 1024px\" \/><\/figure>\n<\/div>\n\n\n\n<div class=\"wp-block-column is-layout-flow wp-block-column-is-layout-flow\">\n<h2 class=\"wp-block-heading\">Kokosstangen<\/h2>\n\n\n\n<p>Unsere Kokosstangen werden aus feinen, aromatischen Kokosraspeln hergestellt, die der K\u00f6stlichkeit eine wunderbar zarte und dennoch kr\u00e4ftige Kokosnote verleihen.Die Stangen sind mit einer zarten Schicht zartbitterer Schokolade \u00fcberzogen, die dem s\u00fc\u00dfen, exotischen Kokosgeschmack eine leckere, tiefe Note verleiht.Sie eignen sich hervorragend als s\u00fc\u00dfe Auszeit im Alltag oder als besonderes Highlight bei festlichen Anl\u00e4ssen.<\/p>\n<\/div>\n<\/div>\n\n\n\n<h3 class=\"wp-block-heading\">Zutaten, Allergiehinweise und N\u00e4hrwertangaben<\/h3>\n\n\n\n<div class=\"wp-block-columns is-layout-flex wp-container-core-columns-is-layout-9d6595d7 wp-block-columns-is-layout-flex\">\n<div class=\"wp-block-column is-layout-flow wp-block-column-is-layout-flow\">\n<div class=\"wp-block-group\"><div class=\"wp-block-group__inner-container is-layout-flow wp-block-group-is-layout-flow\">\n<h5 class=\"wp-block-heading\">Zutaten<\/h5>\n\n\n\n<p>Kokosstange (Zucker , Kokosraspeln, Kokoscreme, Cocospulver, kann Spuren von <strong>Mandeln &amp; Haselnuss<\/strong> enthalten)<\/p>\n\n\n\n<p>Bitterschokoladen\u00fcberzug (Kakaomasse, Zucker, Kakaobutter, Emulgator: <strong>Sojalecithin<\/strong>, Vanille \u2013 Extrakt)\u00a0\u00a0\u00a0\u00a0\u00a0\u00a0\u00a0\u00a0\u00a0\u00a0\u00a0\u00a0\u00a0\u00a0\u00a0\u00a0\u00a0\u00a0\u00a0\u00a0\u00a0\u00a0\u00a0\u00a0<\/p>\n\n\n\n<hr class=\"wp-block-separator has-css-opacity\"\/>\n\n\n\n<h5 class=\"wp-block-heading\">Allergiehinweise<\/h5>\n\n\n\n<p>Schalenfr\u00fcchte \/ Milch \/ Sojalecithin\/Haselnuss<\/p>\n<\/div><\/div>\n<\/div>\n\n\n\n<div class=\"wp-block-column is-layout-flow wp-block-column-is-layout-flow\">\n<h5 class=\"wp-block-heading\">N\u00e4hrwertangaben<\/h5>\n\n\n\n<figure class=\"wp-block-table\"><table class=\"has-fixed-layout\"><tbody><tr><td>N\u00e4hrwerte<\/td><td>pro 100g<\/td><\/tr><tr><td>Energie<\/td><td>505kcal<\/td><\/tr><tr><td>Fett<\/td><td>28g<\/td><\/tr><tr><td colspan=\"2\">Davon:<\/td><\/tr><tr><td>Ges\u00e4ttigte Fetts\u00e4uren<\/td><td>1,0g<\/td><\/tr><tr><td colspan=\"2\">&nbsp;<\/td><\/tr><tr><td>Kohlenhydrate<\/td><td>52g<\/td><\/tr><tr><td colspan=\"2\">Davon:<\/td><\/tr><tr><td>Zucker<\/td><td>50g<\/td><\/tr><tr><td colspan=\"2\">&nbsp;<\/td><\/tr><tr><td>Ballaststoffe<\/td><td>7,0g<\/td><\/tr><tr><td>Eiwei\u00df<\/td><td>4,4g<\/td><\/tr><tr><td>Salz<\/td><td>0,05g<\/td><\/tr><\/tbody><\/table><\/figure>\n<\/div>\n<\/div>\n","protected":false},"excerpt":{"rendered":"<p>Kokosstangen Unsere Kokosstangen werden aus feinen, aromatischen Kokosraspeln hergestellt, die der K\u00f6stlichkeit eine wunderbar zarte und dennoch kr\u00e4ftige Kokosnote verleihen.Die Stangen sind mit einer zarten Schicht zartbitterer Schokolade \u00fcberzogen, die dem s\u00fc\u00dfen, exotischen Kokosgeschmack eine leckere, tiefe Note verleiht.Sie eignen sich hervorragend als s\u00fc\u00dfe Auszeit im Alltag oder als besonderes Highlight bei festlichen Anl\u00e4ssen. Zutaten, [&hellip;]<\/p>\n","protected":false},"author":2,"featured_media":0,"parent":0,"menu_order":0,"comment_status":"closed","ping_status":"closed","template":"templates\/template-full-width.php","meta":{"footnotes":""},"class_list":["post-140","page","type-page","status-publish","hentry"],"_links":{"self":[{"href":"https:\/\/www.mayer-junior.de\/index.php?rest_route=\/wp\/v2\/pages\/140","targetHints":{"allow":["GET"]}}],"collection":[{"href":"https:\/\/www.mayer-junior.de\/index.php?rest_route=\/wp\/v2\/pages"}],"about":[{"href":"https:\/\/www.mayer-junior.de\/index.php?rest_route=\/wp\/v2\/types\/page"}],"author":[{"embeddable":true,"href":"https:\/\/www.mayer-junior.de\/index.php?rest_route=\/wp\/v2\/users\/2"}],"replies":[{"embeddable":true,"href":"https:\/\/www.mayer-junior.de\/index.php?rest_route=%2Fwp%2Fv2%2Fcomments&post=140"}],"version-history":[{"count":9,"href":"https:\/\/www.mayer-junior.de\/index.php?rest_route=\/wp\/v2\/pages\/140\/revisions"}],"predecessor-version":[{"id":258,"href":"https:\/\/www.mayer-junior.de\/index.php?rest_route=\/wp\/v2\/pages\/140\/revisions\/258"}],"wp:attachment":[{"href":"https:\/\/www.mayer-junior.de\/index.php?rest_route=%2Fwp%2Fv2%2Fmedia&parent=140"}],"curies":[{"name":"wp","href":"https:\/\/api.w.org\/{rel}","templated":true}]}}